{"id":12,"date":"2013-05-31T17:37:56","date_gmt":"2013-05-31T17:37:56","guid":{"rendered":"http:\/\/hansenhorses.it-haase-ahaus.de\/?page_id=12"},"modified":"2013-06-07T09:08:46","modified_gmt":"2013-06-07T09:08:46","slug":"verkaufsbereich","status":"publish","type":"page","link":"https:\/\/hansenhorses.it-haase-ahaus.de\/?page_id=12","title":{"rendered":"Verkaufspferde \/ Horses for sale"},"content":{"rendered":"<p>Wir bieten Ihnen Nachzucht und zeitweise ausgewachsene Pferde in unserem Verkaufsbereich an.<\/p>\n<p><a href=\"https:\/\/hansenhorses.it-haase-ahaus.de\/wp-content\/uploads\/2013\/05\/Stutenherde_EE.jpg\"><img loading=\"lazy\" decoding=\"async\" class=\"size-medium wp-image-387 aligncenter\" alt=\"Stutenherde_EE\" src=\"https:\/\/hansenhorses.it-haase-ahaus.de\/wp-content\/uploads\/2013\/05\/Stutenherde_EE-300x199.jpg\" width=\"356\" height=\"236\" srcset=\"https:\/\/hansenhorses.it-haase-ahaus.de\/wp-content\/uploads\/2013\/05\/Stutenherde_EE-300x199.jpg 300w, https:\/\/hansenhorses.it-haase-ahaus.de\/wp-content\/uploads\/2013\/05\/Stutenherde_EE.jpg 708w\" sizes=\"auto, (max-width: 356px) 100vw, 356px\" \/><\/a>Sie k\u00f6nnen in den einzelnen Jahrg\u00e4ngen w\u00e4hlen und um mehr Infos zu erfahren, klicken Sie bitte auf den jeweiligen Namen.<\/p>\n","protected":false},"excerpt":{"rendered":"<p>Wir bieten Ihnen Nachzucht und zeitweise ausgewachsene Pferde in unserem Verkaufsbereich an. Sie k\u00f6nnen in den einzelnen Jahrg\u00e4ngen w\u00e4hlen und um mehr Infos zu erfahren, klicken Sie bitte auf den jeweiligen Namen.<\/p>\n","protected":false},"author":1,"featured_media":0,"parent":0,"menu_order":4,"comment_status":"closed","ping_status":"closed","template":"onecolumn-page.php","meta":{"footnotes":""},"class_list":["post-12","page","type-page","status-publish","hentry"],"_links":{"self":[{"href":"https:\/\/hansenhorses.it-haase-ahaus.de\/index.php?rest_route=\/wp\/v2\/pages\/12","targetHints":{"allow":["GET"]}}],"collection":[{"href":"https:\/\/hansenhorses.it-haase-ahaus.de\/index.php?rest_route=\/wp\/v2\/pages"}],"about":[{"href":"https:\/\/hansenhorses.it-haase-ahaus.de\/index.php?rest_route=\/wp\/v2\/types\/page"}],"author":[{"embeddable":true,"href":"https:\/\/hansenhorses.it-haase-ahaus.de\/index.php?rest_route=\/wp\/v2\/users\/1"}],"replies":[{"embeddable":true,"href":"https:\/\/hansenhorses.it-haase-ahaus.de\/index.php?rest_route=%2Fwp%2Fv2%2Fcomments&post=12"}],"version-history":[{"count":13,"href":"https:\/\/hansenhorses.it-haase-ahaus.de\/index.php?rest_route=\/wp\/v2\/pages\/12\/revisions"}],"predecessor-version":[{"id":81,"href":"https:\/\/hansenhorses.it-haase-ahaus.de\/index.php?rest_route=\/wp\/v2\/pages\/12\/revisions\/81"}],"wp:attachment":[{"href":"https:\/\/hansenhorses.it-haase-ahaus.de\/index.php?rest_route=%2Fwp%2Fv2%2Fmedia&parent=12"}],"curies":[{"name":"wp","href":"https:\/\/api.w.org\/{rel}","templated":true}]}}