{"id":31,"date":"2013-05-31T17:48:42","date_gmt":"2013-05-31T17:48:42","guid":{"rendered":"http:\/\/hansenhorses.it-haase-ahaus.de\/?page_id=31"},"modified":"2022-05-30T21:15:59","modified_gmt":"2022-05-30T20:15:59","slug":"zuchtbetrieb-farm","status":"publish","type":"page","link":"https:\/\/hansenhorses.it-haase-ahaus.de\/?page_id=31","title":{"rendered":"Zuchtbetrieb"},"content":{"rendered":"<p style=\"text-align: left;\"><a href=\"https:\/\/hansenhorses.it-haase-ahaus.de\/wp-content\/uploads\/2013\/05\/IMG_5152.jpg\"><img loading=\"lazy\" decoding=\"async\" class=\"alignright size-medium wp-image-392\" src=\"https:\/\/hansenhorses.it-haase-ahaus.de\/wp-content\/uploads\/2013\/05\/IMG_5152.jpg\" alt=\"IMG_5152\" width=\"336\" height=\"223\" \/><\/a>Hansen Quarter Horses ist eine Quarter Horse Zucht in der sch\u00f6nen Eifel- seit nun \u00fcber 33 Jahren!<br \/>\nWir bieten st\u00e4ndig sehr gute, eigene Nachzucht zum Verkauf an, und das in einer gro\u00dfen Auswahl von ca. 10 QH\u00b4s.<br \/>\nDerzeit bieten wir Nachzucht von Top Vererbern zum Verkauf an, wie z.B. von Hollywood Cutters, One Shiney Treat, Best Spook, etc! In unserem Familienbetrieb legen wir Wert auf individuelle Beratung &amp; Betreuung unserer Kunden.<a href=\"https:\/\/hansenhorses.it-haase-ahaus.de\/wp-content\/uploads\/2013\/05\/31467_3781875284112_634143864_n.jpg\"><img loading=\"lazy\" decoding=\"async\" class=\"size-medium wp-image-69 alignleft\" src=\"https:\/\/hansenhorses.it-haase-ahaus.de\/wp-content\/uploads\/2013\/05\/31467_3781875284112_634143864_n-300x199.jpg\" alt=\"31467_3781875284112_634143864_n\" width=\"300\" height=\"199\" srcset=\"https:\/\/hansenhorses.it-haase-ahaus.de\/wp-content\/uploads\/2013\/05\/31467_3781875284112_634143864_n-300x199.jpg 300w, https:\/\/hansenhorses.it-haase-ahaus.de\/wp-content\/uploads\/2013\/05\/31467_3781875284112_634143864_n.jpg 960w\" sizes=\"auto, (max-width: 300px) 100vw, 300px\" \/><\/a><\/p>\n<p style=\"text-align: left;\">Im Laufe der Jahre haben wir uns auf beste Reining \/ Working Cowhorse\/ Cutting-<br \/>\nBlutlinien konzentriert, und durch konsequente Selektion somit u.a. sehr<br \/>\ngute Performance Pferde gez\u00fcchtet, die in vielen Teilen Europas zu Hause, und in s\u00e4mtlichen Sparten des Sports erfolgreich vertreten sind!<br \/>\nUnsere ca. 20 QH\u00b4s haben ein korrektes In- &amp; Exterieur, vereint mit Bewegung und Sch\u00f6nheit, dazu noch Pedigrees vom feinsten!<a href=\"https:\/\/hansenhorses.it-haase-ahaus.de\/wp-content\/uploads\/2014\/01\/20130723.jpg\"><img loading=\"lazy\" decoding=\"async\" class=\"alignright size-medium wp-image-677\" src=\"https:\/\/hansenhorses.it-haase-ahaus.de\/wp-content\/uploads\/2014\/01\/20130723-199x300.jpg\" alt=\"20130723\" width=\"199\" height=\"300\" srcset=\"https:\/\/hansenhorses.it-haase-ahaus.de\/wp-content\/uploads\/2014\/01\/20130723-199x300.jpg 199w, https:\/\/hansenhorses.it-haase-ahaus.de\/wp-content\/uploads\/2014\/01\/20130723.jpg 333w\" sizes=\"auto, (max-width: 199px) 100vw, 199px\" \/><\/a><br \/>\nUnsere Pferde wachsen auf \u00fcber 25 ha Weideland direkt am Hof in Herden auf,<br \/>\nund haben somit soziales Umfeld, Bewegung&amp; &#8222;Pferdsein&#8220; en masse!<br \/>\nSomit sind sie bestens f\u00fcr Ihren sp\u00e4teren Einsatz im Leben vorbereitet.<br \/>\nWir bieten vom Absetzer, (tragende) Zuchtstute, Familien&amp; Freizeitpartner, bis hin zum Futurity- Prospect eine Auswahl von sehr guten Verkaufspferden an.<br \/>\nStuten, Hengste und zeitweise Wallache verschiedener Blutlinien, Jahrg\u00e4nge und Ausbildungsst\u00e4nde.<\/p>\n<p style=\"text-align: left;\">Unsere Deckhengste sind:<\/p>\n<p>ONE SHINEY TREAT, Sohn der Legende SHINING SPARK, aus der HAGANDAZ, eine GRAYS STARLIGHT- Tochter, die LTE $49.288,89 in NCHA &amp; NRCHA Events gewonnen hat!<\/p>\n<p style=\"text-align: left;\">HOLLYWOOD CUTTERS, ein direkter Sohn des legend\u00e4ren BE AECH ENTERPRISE, aus einer direkten CUTTER BILL x HOLLYWOOD GOLD- Tochter! (verstorben 2\/2021)<\/p>\n<p>LONE PINE STRANGER, Sohn des ber\u00fchmten GALLO DEL CIELO\/ ROOSTER- NRHA 2 Million Dollar Sire, aus der LONE PINE SALLY, eine direkte NU BAR x HOLLYWOOD GOLD- Tochter, NCHA LTE $ 52,236. (In Rente)<\/p>\n<p>Deckbedingungen auf Anfrage!<\/p>\n<p>Unsere Zuchstuten haben sich bew\u00e4hrt\/ bereits erfolgreich produziert, weisen z.T. eigene Turniererfolge auf, bzw. sind DQHA Elite Stuten &#8211; alle mit erstklassigen Pedigrees!<a href=\"https:\/\/hansenhorses.it-haase-ahaus.de\/wp-content\/uploads\/2013\/05\/IMG_6030.jpg\"><img loading=\"lazy\" decoding=\"async\" class=\"size-medium wp-image-388 alignleft\" src=\"https:\/\/hansenhorses.it-haase-ahaus.de\/wp-content\/uploads\/2013\/05\/IMG_6030.jpg\" alt=\"IMG_6030\" width=\"322\" height=\"207\" \/><\/a><br \/>\nU.a. sind sie direkte T\u00f6chter von: Jacs Electric Spark x Nu Chex To Cash, Smart Chic Olena x Topsail Whiz, Lean With Me x Reminic, Lil Ruf Peppy x Greyhound Step, &#8230;<\/p>\n<p style=\"text-align: center;\"><strong> Wir freuen uns auf Ihren Besuch- Coffee\u00b4s hot!<\/strong><a href=\"https:\/\/hansenhorses.it-haase-ahaus.de\/wp-content\/uploads\/2013\/05\/MG_9479.jpg\"><img loading=\"lazy\" decoding=\"async\" class=\"size-medium wp-image-389 aligncenter\" src=\"https:\/\/hansenhorses.it-haase-ahaus.de\/wp-content\/uploads\/2013\/05\/MG_9479.jpg\" alt=\"_MG_9479\" width=\"426\" height=\"284\" \/><\/a><\/p>\n<p><a href=\"https:\/\/hansenhorses.it-haase-ahaus.de\/wp-content\/uploads\/2013\/05\/31467_3781875284112_634143864_n.jpg\">\u00a0<\/a><\/p>\n","protected":false},"excerpt":{"rendered":"<p>Hansen Quarter Horses ist eine Quarter Horse Zucht in der sch\u00f6nen Eifel- seit nun \u00fcber 33 Jahren! Wir bieten st\u00e4ndig sehr gute, eigene Nachzucht zum Verkauf an, und das in einer gro\u00dfen Auswahl von ca. 10 QH\u00b4s. Derzeit bieten wir &hellip; <a href=\"https:\/\/hansenhorses.it-haase-ahaus.de\/?page_id=31\">Weiterlesen <span class=\"meta-nav\">&rarr;<\/span><\/a><\/p>\n","protected":false},"author":1,"featured_media":0,"parent":0,"menu_order":0,"comment_status":"closed","ping_status":"closed","template":"onecolumn-page.php","meta":{"footnotes":""},"class_list":["post-31","page","type-page","status-publish","hentry"],"_links":{"self":[{"href":"https:\/\/hansenhorses.it-haase-ahaus.de\/index.php?rest_route=\/wp\/v2\/pages\/31","targetHints":{"allow":["GET"]}}],"collection":[{"href":"https:\/\/hansenhorses.it-haase-ahaus.de\/index.php?rest_route=\/wp\/v2\/pages"}],"about":[{"href":"https:\/\/hansenhorses.it-haase-ahaus.de\/index.php?rest_route=\/wp\/v2\/types\/page"}],"author":[{"embeddable":true,"href":"https:\/\/hansenhorses.it-haase-ahaus.de\/index.php?rest_route=\/wp\/v2\/users\/1"}],"replies":[{"embeddable":true,"href":"https:\/\/hansenhorses.it-haase-ahaus.de\/index.php?rest_route=%2Fwp%2Fv2%2Fcomments&post=31"}],"version-history":[{"count":25,"href":"https:\/\/hansenhorses.it-haase-ahaus.de\/index.php?rest_route=\/wp\/v2\/pages\/31\/revisions"}],"predecessor-version":[{"id":2662,"href":"https:\/\/hansenhorses.it-haase-ahaus.de\/index.php?rest_route=\/wp\/v2\/pages\/31\/revisions\/2662"}],"wp:attachment":[{"href":"https:\/\/hansenhorses.it-haase-ahaus.de\/index.php?rest_route=%2Fwp%2Fv2%2Fmedia&parent=31"}],"curies":[{"name":"wp","href":"https:\/\/api.w.org\/{rel}","templated":true}]}}